{"id":54991,"date":"2026-03-16T14:30:15","date_gmt":"2026-03-16T12:30:15","guid":{"rendered":"https:\/\/core.dev01.visitgreece.tech\/transportation\/by-train\/"},"modified":"2026-04-09T14:51:43","modified_gmt":"2026-04-09T12:51:43","slug":"by-train","status":"publish","type":"page","link":"https:\/\/core.dev01.visitgreece.tech\/it\/transportation\/by-train\/","title":{"rendered":"In treno"},"content":{"rendered":"<p>Viaggiare in treno unisce la sicurezza a prezzi convenienti. La rete ferroviaria della Grecia \u00e8 lunga circa 2.500 km e copre la maggior parte del territorio continentale. Il trasporto di passeggeri, bagagli e veicoli al seguito avviene tramite collegamenti regolari, i cui orari vengono aggiornati ogni anno.<\/p>\n<p data-path-to-node=\"4\">La linea <strong data-path-to-node=\"4\" data-index-in-node=\"9\">Atene-Salonicco<\/strong> \u00e8 un&#8217;ottima scelta per chi desidera viaggiare sia con il treno espresso, che completa il tragitto in 4,5 ore, sia con il treno regolare. La tratta <strong data-path-to-node=\"4\" data-index-in-node=\"172\">da Drama a Xanthi<\/strong> \u00e8 una delle pi\u00f9 belle d&#8217;Europa: progettata nel XIX secolo, attraversa paesaggi di una bellezza unica seguendo il corso del fiume Nestos, offrendo una vista incantevole sulle sponde dorate immerse in una vegetazione lussureggiante.<\/p>\n<p data-path-to-node=\"5\">Il viaggio verso il <strong data-path-to-node=\"5\" data-index-in-node=\"20\">Peloponneso<\/strong> si effettua prendendo la <strong data-path-to-node=\"5\" data-index-in-node=\"57\">Ferrovia Suburbana (Proastiakos)<\/strong> fino al capolinea di Kiato (30 km a ovest di Corinto); da l\u00ec, \u00e8 possibile proseguire verso altre citt\u00e0, paesi e villaggi a bordo degli appositi autobus delle Ferrovie Nazionali.<\/p>\n<h4 data-path-to-node=\"6\">Ferrovia Suburbana (Proastiakos)<\/h4>\n<p data-path-to-node=\"7\">Collegando i principali centri urbani alle periferie con servizi frequenti e tariffe accessibili, la ferrovia suburbana soddisfa le esigenze di un gran numero di passeggeri, contribuendo al decentramento e al decongestionamento del traffico automobilistico.<\/p>\n","protected":false},"excerpt":{"rendered":"<p>Viaggiare in treno unisce la sicurezza a prezzi convenienti. La rete ferroviaria della Grecia \u00e8 lunga circa 2.500 km e copre la maggior parte del territorio continentale. Il trasporto di passeggeri, bagagli e veicoli al seguito avviene tramite collegamenti regolari, i cui orari vengono aggiornati ogni anno. La linea Atene-Salonicco \u00e8 un&#8217;ottima scelta per chi [&hellip;]<\/p>\n","protected":false},"author":25,"featured_media":55133,"parent":54979,"menu_order":0,"comment_status":"closed","ping_status":"closed","template":"","meta":{"footnotes":""},"class_list":["post-54991","page","type-page","status-publish","has-post-thumbnail","hentry"],"_links":{"self":[{"href":"https:\/\/core.dev01.visitgreece.tech\/it\/wp-json\/wp\/v2\/pages\/54991","targetHints":{"allow":["GET"]}}],"collection":[{"href":"https:\/\/core.dev01.visitgreece.tech\/it\/wp-json\/wp\/v2\/pages"}],"about":[{"href":"https:\/\/core.dev01.visitgreece.tech\/it\/wp-json\/wp\/v2\/types\/page"}],"author":[{"embeddable":true,"href":"https:\/\/core.dev01.visitgreece.tech\/it\/wp-json\/wp\/v2\/users\/25"}],"replies":[{"embeddable":true,"href":"https:\/\/core.dev01.visitgreece.tech\/it\/wp-json\/wp\/v2\/comments?post=54991"}],"version-history":[{"count":3,"href":"https:\/\/core.dev01.visitgreece.tech\/it\/wp-json\/wp\/v2\/pages\/54991\/revisions"}],"predecessor-version":[{"id":55407,"href":"https:\/\/core.dev01.visitgreece.tech\/it\/wp-json\/wp\/v2\/pages\/54991\/revisions\/55407"}],"up":[{"embeddable":true,"href":"https:\/\/core.dev01.visitgreece.tech\/it\/wp-json\/wp\/v2\/pages\/54979"}],"wp:featuredmedia":[{"embeddable":true,"href":"https:\/\/core.dev01.visitgreece.tech\/it\/wp-json\/wp\/v2\/media\/55133"}],"wp:attachment":[{"href":"https:\/\/core.dev01.visitgreece.tech\/it\/wp-json\/wp\/v2\/media?parent=54991"}],"curies":[{"name":"wp","href":"https:\/\/api.w.org\/{rel}","templated":true}]}}