{"id":54987,"date":"2026-03-16T14:30:15","date_gmt":"2026-03-16T12:30:15","guid":{"rendered":"https:\/\/core.dev01.visitgreece.tech\/transportation\/by-train\/"},"modified":"2026-04-09T14:57:30","modified_gmt":"2026-04-09T12:57:30","slug":"by-train","status":"publish","type":"page","link":"https:\/\/core.dev01.visitgreece.tech\/fr\/transportation\/by-train\/","title":{"rendered":"En train"},"content":{"rendered":"<p>Voyager en train allie s\u00e9curit\u00e9 et tarifs abordables. Le r\u00e9seau ferroviaire grec s&#8217;\u00e9tend sur environ 2 500 km, couvrant la majeure partie du continent. Le transport des passagers, des bagages et des v\u00e9hicules accompagn\u00e9s s&#8217;effectue via des liaisons r\u00e9guli\u00e8res, mises \u00e0 jour chaque ann\u00e9e.<\/p>\n<p data-path-to-node=\"4\">La ligne <strong data-path-to-node=\"4\" data-index-in-node=\"9\">Ath\u00e8nes-Thessalonique<\/strong> est un excellent choix pour ceux qui souhaitent voyager soit avec l&#8217;express (trajet en 4,5 heures), soit avec le train r\u00e9gulier. Le trajet de <strong data-path-to-node=\"4\" data-index-in-node=\"173\">Drama \u00e0 Xanthi<\/strong> est l&#8217;un des plus beaux d&#8217;Europe : con\u00e7u au XIXe si\u00e8cle, il traverse des paysages d&#8217;une beaut\u00e9 unique en longeant le fleuve Nestos, offrant une vue imprenable sur des rives dor\u00e9es nich\u00e9es dans un \u00e9crin de verdure luxuriante.<\/p>\n<p data-path-to-node=\"5\">Le voyage vers le <strong data-path-to-node=\"5\" data-index-in-node=\"18\">P\u00e9loponn\u00e8se<\/strong> s&#8217;effectue en empruntant le <strong data-path-to-node=\"5\" data-index-in-node=\"58\">train de banlieue (Proastiakos)<\/strong> jusqu&#8217;\u00e0 Kiato, le terminus situ\u00e9 \u00e0 30 km \u00e0 l&#8217;ouest de Corinthe, puis en montant \u00e0 bord d&#8217;un bus des chemins de fer nationaux vers d&#8217;autres villes et villages.<\/p>\n<h4 data-path-to-node=\"6\">Train de banlieue (Proastiakos)<\/h4>\n<p data-path-to-node=\"7\">Reliant les centres urbains majeurs aux banlieues gr\u00e2ce \u00e0 des services fr\u00e9quents et des prix abordables, le Proastiakos r\u00e9pond aux besoins de nombreux passagers tout en contribuant \u00e0 la d\u00e9centralisation et au d\u00e9sengorgement du trafic automobile.<\/p>\n","protected":false},"excerpt":{"rendered":"<p>Voyager en train allie s\u00e9curit\u00e9 et tarifs abordables. Le r\u00e9seau ferroviaire grec s&#8217;\u00e9tend sur environ 2 500 km, couvrant la majeure partie du continent. Le transport des passagers, des bagages et des v\u00e9hicules accompagn\u00e9s s&#8217;effectue via des liaisons r\u00e9guli\u00e8res, mises \u00e0 jour chaque ann\u00e9e. La ligne Ath\u00e8nes-Thessalonique est un excellent choix pour ceux qui souhaitent [&hellip;]<\/p>\n","protected":false},"author":25,"featured_media":55130,"parent":54977,"menu_order":0,"comment_status":"closed","ping_status":"closed","template":"","meta":{"footnotes":""},"class_list":["post-54987","page","type-page","status-publish","has-post-thumbnail","hentry"],"_links":{"self":[{"href":"https:\/\/core.dev01.visitgreece.tech\/fr\/wp-json\/wp\/v2\/pages\/54987","targetHints":{"allow":["GET"]}}],"collection":[{"href":"https:\/\/core.dev01.visitgreece.tech\/fr\/wp-json\/wp\/v2\/pages"}],"about":[{"href":"https:\/\/core.dev01.visitgreece.tech\/fr\/wp-json\/wp\/v2\/types\/page"}],"author":[{"embeddable":true,"href":"https:\/\/core.dev01.visitgreece.tech\/fr\/wp-json\/wp\/v2\/users\/25"}],"replies":[{"embeddable":true,"href":"https:\/\/core.dev01.visitgreece.tech\/fr\/wp-json\/wp\/v2\/comments?post=54987"}],"version-history":[{"count":3,"href":"https:\/\/core.dev01.visitgreece.tech\/fr\/wp-json\/wp\/v2\/pages\/54987\/revisions"}],"predecessor-version":[{"id":55520,"href":"https:\/\/core.dev01.visitgreece.tech\/fr\/wp-json\/wp\/v2\/pages\/54987\/revisions\/55520"}],"up":[{"embeddable":true,"href":"https:\/\/core.dev01.visitgreece.tech\/fr\/wp-json\/wp\/v2\/pages\/54977"}],"wp:featuredmedia":[{"embeddable":true,"href":"https:\/\/core.dev01.visitgreece.tech\/fr\/wp-json\/wp\/v2\/media\/55130"}],"wp:attachment":[{"href":"https:\/\/core.dev01.visitgreece.tech\/fr\/wp-json\/wp\/v2\/media?parent=54987"}],"curies":[{"name":"wp","href":"https:\/\/api.w.org\/{rel}","templated":true}]}}