{"id":54993,"date":"2026-03-16T14:30:15","date_gmt":"2026-03-16T12:30:15","guid":{"rendered":"https:\/\/core.dev01.visitgreece.tech\/transportation\/by-train\/"},"modified":"2026-04-09T14:54:50","modified_gmt":"2026-04-09T12:54:50","slug":"by-train","status":"publish","type":"page","link":"https:\/\/core.dev01.visitgreece.tech\/es\/transportation\/by-train\/","title":{"rendered":"En tren"},"content":{"rendered":"<p>Viajar en tren combina la seguridad con precios econ\u00f3micos. La red ferroviaria de Grecia tiene aproximadamente 2.500 km de longitud y cubre la mayor parte del continente. El transporte de pasajeros, equipaje y veh\u00edculos acompa\u00f1ados por sus conductores se realiza a trav\u00e9s de rutas regulares programadas que se actualizan cada a\u00f1o.<\/p>\n<p data-path-to-node=\"4\">La l\u00ednea <strong data-path-to-node=\"4\" data-index-in-node=\"9\">Atenas-Tesal\u00f3nica<\/strong> es una opci\u00f3n magn\u00edfica para quienes deseen viajar, ya sea en el servicio expr\u00e9s \u2014que completa el trayecto en 4,5 horas\u2014 o en el tren regular. La ruta de <strong data-path-to-node=\"4\" data-index-in-node=\"181\">Drama a Xanthi<\/strong> es una de las m\u00e1s bellas de Europa: dise\u00f1ada en el siglo XIX, atraviesa paisajes de una belleza excepcional siguiendo el curso del r\u00edo Nesto, ofreciendo vistas de riberas doradas y llanuras envueltas en una exuberante vegetaci\u00f3n.<\/p>\n<p data-path-to-node=\"5\">El viaje hacia el <strong data-path-to-node=\"5\" data-index-in-node=\"18\">Peloponeso<\/strong> se realiza tomando el <strong data-path-to-node=\"5\" data-index-in-node=\"51\">Ferrocarril Suburbano (Proastiakos)<\/strong> hasta Kiato, la \u00faltima parada, situada a 30 km al oeste de Corinto. Desde all\u00ed, se puede embarcar en los autobuses correspondientes de los Ferrocarriles Nacionales hacia otras ciudades, pueblos y aldeas.<\/p>\n<h4 data-path-to-node=\"6\">Ferrocarril Suburbano (Proastiakos)<\/h4>\n<p data-path-to-node=\"7\">Al conectar los principales centros urbanos con los suburbios mediante servicios frecuentes y precios asequibles, el ferrocarril suburbano satisface las necesidades de un gran n\u00famero de pasajeros, al tiempo que contribuye a la descentralizaci\u00f3n y a la descongesti\u00f3n del tr\u00e1fico de autom\u00f3viles.<\/p>\n","protected":false},"excerpt":{"rendered":"<p>Viajar en tren combina la seguridad con precios econ\u00f3micos. La red ferroviaria de Grecia tiene aproximadamente 2.500 km de longitud y cubre la mayor parte del continente. El transporte de pasajeros, equipaje y veh\u00edculos acompa\u00f1ados por sus conductores se realiza a trav\u00e9s de rutas regulares programadas que se actualizan cada a\u00f1o. La l\u00ednea Atenas-Tesal\u00f3nica es [&hellip;]<\/p>\n","protected":false},"author":25,"featured_media":55134,"parent":54981,"menu_order":0,"comment_status":"closed","ping_status":"closed","template":"","meta":{"footnotes":""},"class_list":["post-54993","page","type-page","status-publish","has-post-thumbnail","hentry"],"_links":{"self":[{"href":"https:\/\/core.dev01.visitgreece.tech\/es\/wp-json\/wp\/v2\/pages\/54993","targetHints":{"allow":["GET"]}}],"collection":[{"href":"https:\/\/core.dev01.visitgreece.tech\/es\/wp-json\/wp\/v2\/pages"}],"about":[{"href":"https:\/\/core.dev01.visitgreece.tech\/es\/wp-json\/wp\/v2\/types\/page"}],"author":[{"embeddable":true,"href":"https:\/\/core.dev01.visitgreece.tech\/es\/wp-json\/wp\/v2\/users\/25"}],"replies":[{"embeddable":true,"href":"https:\/\/core.dev01.visitgreece.tech\/es\/wp-json\/wp\/v2\/comments?post=54993"}],"version-history":[{"count":3,"href":"https:\/\/core.dev01.visitgreece.tech\/es\/wp-json\/wp\/v2\/pages\/54993\/revisions"}],"predecessor-version":[{"id":55494,"href":"https:\/\/core.dev01.visitgreece.tech\/es\/wp-json\/wp\/v2\/pages\/54993\/revisions\/55494"}],"up":[{"embeddable":true,"href":"https:\/\/core.dev01.visitgreece.tech\/es\/wp-json\/wp\/v2\/pages\/54981"}],"wp:featuredmedia":[{"embeddable":true,"href":"https:\/\/core.dev01.visitgreece.tech\/es\/wp-json\/wp\/v2\/media\/55134"}],"wp:attachment":[{"href":"https:\/\/core.dev01.visitgreece.tech\/es\/wp-json\/wp\/v2\/media?parent=54993"}],"curies":[{"name":"wp","href":"https:\/\/api.w.org\/{rel}","templated":true}]}}