{"id":54989,"date":"2026-03-16T14:30:15","date_gmt":"2026-03-16T12:30:15","guid":{"rendered":"https:\/\/core.dev01.visitgreece.tech\/transportation\/by-train\/"},"modified":"2026-04-09T15:04:00","modified_gmt":"2026-04-09T13:04:00","slug":"by-train","status":"publish","type":"page","link":"https:\/\/core.dev01.visitgreece.tech\/de\/transportation\/by-train\/","title":{"rendered":"Mit dem Zug"},"content":{"rendered":"<p data-path-to-node=\"3\">Reisen mit der Bahn verbindet Sicherheit mit erschwinglichen Preisen. Das griechische Eisenbahnnetz erstreckt sich \u00fcber eine Gesamtl\u00e4nge von rund 2.500 km und deckt den gr\u00f6\u00dften Teil des Festlandes ab. Der Transport von Passagieren, Gep\u00e4ck und Fahrzeugen mit Fahrer erfolgt \u00fcber regelm\u00e4\u00dfige Linienverbindungen, die j\u00e4hrlich aktualisiert werden.<\/p>\n<p data-path-to-node=\"4\">Die Strecke <b data-path-to-node=\"4\" data-index-in-node=\"12\">Athen-Thessaloniki<\/b> ist eine hervorragende Wahl f\u00fcr alle, die entweder mit dem Expresszug in nur 4,5 Stunden oder mit dem regul\u00e4ren Zug reisen m\u00f6chten. Die Route von <b data-path-to-node=\"4\" data-index-in-node=\"177\">Drama nach Xanthi<\/b> z\u00e4hlt zu den sch\u00f6nsten Bahnstrecken Europas. Sie wurde im 19. Jahrhundert entworfen und f\u00fchrt durch Landschaften von einzigartiger Sch\u00f6nheit, entlang des Flusses Nestos mit Blick auf goldfarbene Ufer inmitten \u00fcppiger Vegetation.<\/p>\n<p data-path-to-node=\"5\">Die Reise in Richtung <b data-path-to-node=\"5\" data-index-in-node=\"22\">Peloponnes<\/b> erfolgt mit der <b data-path-to-node=\"5\" data-index-in-node=\"49\">Vorortbahn (Proastiakos)<\/b> bis zur Endstation Kiato (30 km westlich von Korinth). Von dort aus besteht Anschluss an die entsprechenden Busse der nationalen Eisenbahngesellschaft zu weiteren St\u00e4dten, D\u00f6rfern und Siedlungen.<\/p>\n<h4 data-path-to-node=\"6\"><b data-path-to-node=\"6\" data-index-in-node=\"0\">Die Vorortbahn (Proastiakos)<\/b><\/h4>\n<p data-path-to-node=\"7\">Durch die Anbindung gro\u00dfer st\u00e4dtischer Zentren an die Vororte bietet die Vorortbahn mit h\u00e4ufigen Verbindungen und g\u00fcnstigen Preisen eine ideale L\u00f6sung f\u00fcr eine Vielzahl von Reisenden. Gleichzeitig tr\u00e4gt sie ma\u00dfgeblich zur Dezentralisierung und zur Entlastung des Autoverkehrs bei.<\/p>\n","protected":false},"excerpt":{"rendered":"<p>Reisen mit der Bahn verbindet Sicherheit mit erschwinglichen Preisen. Das griechische Eisenbahnnetz erstreckt sich \u00fcber eine Gesamtl\u00e4nge von rund 2.500 km und deckt den gr\u00f6\u00dften Teil des Festlandes ab. Der Transport von Passagieren, Gep\u00e4ck und Fahrzeugen mit Fahrer erfolgt \u00fcber regelm\u00e4\u00dfige Linienverbindungen, die j\u00e4hrlich aktualisiert werden. Die Strecke Athen-Thessaloniki ist eine hervorragende Wahl f\u00fcr alle, [&hellip;]<\/p>\n","protected":false},"author":25,"featured_media":55131,"parent":54978,"menu_order":0,"comment_status":"closed","ping_status":"closed","template":"","meta":{"footnotes":""},"class_list":["post-54989","page","type-page","status-publish","has-post-thumbnail","hentry"],"_links":{"self":[{"href":"https:\/\/core.dev01.visitgreece.tech\/de\/wp-json\/wp\/v2\/pages\/54989","targetHints":{"allow":["GET"]}}],"collection":[{"href":"https:\/\/core.dev01.visitgreece.tech\/de\/wp-json\/wp\/v2\/pages"}],"about":[{"href":"https:\/\/core.dev01.visitgreece.tech\/de\/wp-json\/wp\/v2\/types\/page"}],"author":[{"embeddable":true,"href":"https:\/\/core.dev01.visitgreece.tech\/de\/wp-json\/wp\/v2\/users\/25"}],"replies":[{"embeddable":true,"href":"https:\/\/core.dev01.visitgreece.tech\/de\/wp-json\/wp\/v2\/comments?post=54989"}],"version-history":[{"count":3,"href":"https:\/\/core.dev01.visitgreece.tech\/de\/wp-json\/wp\/v2\/pages\/54989\/revisions"}],"predecessor-version":[{"id":55317,"href":"https:\/\/core.dev01.visitgreece.tech\/de\/wp-json\/wp\/v2\/pages\/54989\/revisions\/55317"}],"up":[{"embeddable":true,"href":"https:\/\/core.dev01.visitgreece.tech\/de\/wp-json\/wp\/v2\/pages\/54978"}],"wp:featuredmedia":[{"embeddable":true,"href":"https:\/\/core.dev01.visitgreece.tech\/de\/wp-json\/wp\/v2\/media\/55131"}],"wp:attachment":[{"href":"https:\/\/core.dev01.visitgreece.tech\/de\/wp-json\/wp\/v2\/media?parent=54989"}],"curies":[{"name":"wp","href":"https:\/\/api.w.org\/{rel}","templated":true}]}}